{"id":1815,"date":"2016-02-20T05:11:30","date_gmt":"2016-02-20T05:11:30","guid":{"rendered":"http:\/\/demo.themelogi.com\/roneous\/?page_id=1815"},"modified":"2016-02-20T05:11:30","modified_gmt":"2016-02-20T05:11:30","slug":"masonry-3-columns","status":"publish","type":"page","link":"https:\/\/bbcup.sk\/en\/blog\/masonry-3-columns\/","title":{"rendered":"Masonry 3 Columns"},"content":{"rendered":"<p>[vc_row][vc_column]<div id=\"blog-69f5b20692037\"><div class=\"row masonry-loader\">\n    <div class=\"col-sm-12 text-center\">\n        <div class=\"spinner\"><\/div>\n    <\/div>\n<\/div><div class=\"row masonry masonry-show mb40\"><div class=\"col-sm-4 post-wrap masonry-item mb48\">\n        <div class=\"inner\">\n    \t<div class=\"inner-wrap\">\n    \t\t<a href=\"https:\/\/bbcup.sk\/en\/banska-bystrica-cup-2021\/\">\n\t            <h5 class=\"blog-title mb0\">Banska Bystrica CUP 2021<\/h5>\t        <\/a>\n\t        <div class=\"entry-meta mt8 mb16 p0\">\n\t        \t<span class=\"inline-block\">11. April 2021<\/span>\n\t        \t<span class=\"inline-block\"><span>by<\/span><a href=\"https:\/\/bbcup.sk\/en\/author\/admin\/\" title=\"Posts by admin\" rel=\"author\">admin<\/a><\/span>\n\t        \t\t        \t\t<span class=\"inline-block\"><span>in<\/span><a href=\"https:\/\/bbcup.sk\/en\/category\/novinky\/\" rel=\"category tag\">novinky<\/a><\/span>\n\t        \t\t        <\/div>\n\t        <p>Dovo\u013eujeme si V\u00e1s informova\u0165, \u017ee n\u00e1\u0161 plaveck\u00fd m\u00edting \u201cBANSK\u00c1 BYSTRICA CUP\u201dsa pre nepriazniv\u00fa pandemick\u00fa situ\u00e1ciu v&#8230;<\/p>\n\t        <span class=\"pull-left read-more\"><a href=\"https:\/\/bbcup.sk\/en\/banska-bystrica-cup-2021\/\"><span data-hover=\"Read More\">Read More<\/span><\/a><\/span>\n\t        <span class=\"pull-right\">\n\t\t\t\t\t        <div class=\"tlg-likes-button inline-block tlg-likes-normal\">\n\t        \t<a href=\"#\" class=\"tlg-likes\" id=\"tlg-likes-4402\" title=\"\">\n\t        \t\t<i class=\"ti-heart\"><\/i><span class=\"like-share-name\">0<span> like<\/span><\/span>\t        \t<\/a>\n\t        <\/div>\n\t        \t\t\t\t\t\t\t<\/span>\n    \t<\/div>\n    <\/div>\n<\/div><div class=\"col-sm-4 post-wrap masonry-item mb48\">\n        <div class=\"inner\">\n    \t<div class=\"inner-wrap\">\n    \t\t<a href=\"https:\/\/bbcup.sk\/en\/podujatie-banska-bystrica-cup-zrusene-aj-po-treti-krat\/\">\n\t            <h5 class=\"blog-title mb0\">Plaveck\u00fd BANSK\u00c1 BYSTRICA CUP 2020 sa nakoniec u\u017e neuskuto\u010dn\u00ed (ani v tre\u0165om term\u00edne)<\/h5>\t        <\/a>\n\t        <div class=\"entry-meta mt8 mb16 p0\">\n\t        \t<span class=\"inline-block\">23. October 2020<\/span>\n\t        \t<span class=\"inline-block\"><span>by<\/span><a href=\"https:\/\/bbcup.sk\/en\/author\/admin\/\" title=\"Posts by admin\" rel=\"author\">admin<\/a><\/span>\n\t        \t\t        \t\t<span class=\"inline-block\"><span>in<\/span><a href=\"https:\/\/bbcup.sk\/en\/category\/novinky\/\" rel=\"category tag\">novinky<\/a><\/span>\n\t        \t\t        <\/div>\n\t        <p>Banskobystrick\u00fd poh\u00e1r, jeden z&nbsp;najv\u00e4\u010d\u0161\u00edch plaveck\u00fdch m\u00edtingov na Slovensku zaraden\u00fd do kalend\u00e1rov svetovej ako aj eur\u00f3pskej stre\u0161nej&#8230;<\/p>\n\t        <span class=\"pull-left read-more\"><a href=\"https:\/\/bbcup.sk\/en\/podujatie-banska-bystrica-cup-zrusene-aj-po-treti-krat\/\"><span data-hover=\"Read More\">Read More<\/span><\/a><\/span>\n\t        <span class=\"pull-right\">\n\t\t\t\t\t        <div class=\"tlg-likes-button inline-block tlg-likes-normal\">\n\t        \t<a href=\"#\" class=\"tlg-likes\" id=\"tlg-likes-4380\" title=\"\">\n\t        \t\t<i class=\"ti-heart\"><\/i><span class=\"like-share-name\">0<span> like<\/span><\/span>\t        \t<\/a>\n\t        <\/div>\n\t        \t\t\t\t\t\t\t<\/span>\n    \t<\/div>\n    <\/div>\n<\/div><div class=\"col-sm-4 post-wrap masonry-item mb48\">\n        <div class=\"inner\">\n    \t<div class=\"inner-wrap\">\n    \t\t<a href=\"https:\/\/bbcup.sk\/en\/opatrenia-v-suvislosti-s-covid\/\">\n\t            <h5 class=\"blog-title mb0\">Opatrenia v s\u00favislosti s COVID<\/h5>\t        <\/a>\n\t        <div class=\"entry-meta mt8 mb16 p0\">\n\t        \t<span class=\"inline-block\">12. October 2020<\/span>\n\t        \t<span class=\"inline-block\"><span>by<\/span><a href=\"https:\/\/bbcup.sk\/en\/author\/admin\/\" title=\"Posts by admin\" rel=\"author\">admin<\/a><\/span>\n\t        \t\t        \t\t<span class=\"inline-block\"><span>in<\/span><a href=\"https:\/\/bbcup.sk\/en\/category\/novinky\/\" rel=\"category tag\">novinky<\/a><\/span>\n\t        \t\t        <\/div>\n\t        <p>Opatrenie organiz\u00e1tora pre uskuto\u010dnenie podujatia Bansk\u00e1 Bystrica Cup 2020, 24. \u2013 25. okt\u00f3bra 2020 Dokumenty na&#8230;<\/p>\n\t        <span class=\"pull-left read-more\"><a href=\"https:\/\/bbcup.sk\/en\/opatrenia-v-suvislosti-s-covid\/\"><span data-hover=\"Read More\">Read More<\/span><\/a><\/span>\n\t        <span class=\"pull-right\">\n\t\t\t\t\t        <div class=\"tlg-likes-button inline-block tlg-likes-normal\">\n\t        \t<a href=\"#\" class=\"tlg-likes\" id=\"tlg-likes-4370\" title=\"\">\n\t        \t\t<i class=\"ti-heart\"><\/i><span class=\"like-share-name\">0<span> like<\/span><\/span>\t        \t<\/a>\n\t        <\/div>\n\t        \t\t\t\t\t\t\t<\/span>\n    \t<\/div>\n    <\/div>\n<\/div><div class=\"col-sm-4 post-wrap masonry-item mb48\">\n        <div class=\"inner\">\n    \t<div class=\"inner-wrap\">\n    \t\t<a href=\"https:\/\/bbcup.sk\/en\/uskutocni-sa-plavecky-banska-bystrica-cup-2020-nakoniec-v-tretom-termine\/\">\n\t            <h5 class=\"blog-title mb0\">Uskuto\u010dn\u00ed sa plaveck\u00fd BANSK\u00c1 BYSTRICA CUP 2020 nakoniec v tre\u0165om term\u00edne?<\/h5>\t        <\/a>\n\t        <div class=\"entry-meta mt8 mb16 p0\">\n\t        \t<span class=\"inline-block\">4. October 2020<\/span>\n\t        \t<span class=\"inline-block\"><span>by<\/span><a href=\"https:\/\/bbcup.sk\/en\/author\/admin\/\" title=\"Posts by admin\" rel=\"author\">admin<\/a><\/span>\n\t        \t\t        \t\t<span class=\"inline-block\"><span>in<\/span><a href=\"https:\/\/bbcup.sk\/en\/category\/novinky\/\" rel=\"category tag\">novinky<\/a><\/span>\n\t        \t\t        <\/div>\n\t        <p>Banskobystrick\u00fd poh\u00e1r, jeden z\u00a0najv\u00e4\u010d\u0161\u00edch plaveck\u00fdch m\u00edtingov na Slovensku s\u013euboval v\u00a0posledn\u00fd marcov\u00fd v\u00edkend kvalitn\u00fa konkurenciu a\u00a0v\u00fdborn\u00e9 v\u00fdkony&#8230;.<\/p>\n\t        <span class=\"pull-left read-more\"><a href=\"https:\/\/bbcup.sk\/en\/uskutocni-sa-plavecky-banska-bystrica-cup-2020-nakoniec-v-tretom-termine\/\"><span data-hover=\"Read More\">Read More<\/span><\/a><\/span>\n\t        <span class=\"pull-right\">\n\t\t\t\t\t        <div class=\"tlg-likes-button inline-block tlg-likes-normal\">\n\t        \t<a href=\"#\" class=\"tlg-likes\" id=\"tlg-likes-4387\" title=\"\">\n\t        \t\t<i class=\"ti-heart\"><\/i><span class=\"like-share-name\">0<span> like<\/span><\/span>\t        \t<\/a>\n\t        <\/div>\n\t        \t\t\t\t\t\t\t<\/span>\n    \t<\/div>\n    <\/div>\n<\/div><div class=\"col-sm-4 post-wrap masonry-item mb48\">\n        <div class=\"inner\">\n    \t<div class=\"inner-wrap\">\n    \t\t<a href=\"https:\/\/bbcup.sk\/en\/plavecky-miting-banska-bystrica-cup-2020-bude-v-nahradnom-termine\/\">\n\t            <h5 class=\"blog-title mb0\">Plaveck\u00fd m\u00edting BANSK\u00c1 BYSTRICA CUP 2020 bude v n\u00e1hradnom term\u00edne.<\/h5>\t        <\/a>\n\t        <div class=\"entry-meta mt8 mb16 p0\">\n\t        \t<span class=\"inline-block\">12. March 2020<\/span>\n\t        \t<span class=\"inline-block\"><span>by<\/span><a href=\"https:\/\/bbcup.sk\/en\/author\/admin\/\" title=\"Posts by admin\" rel=\"author\">admin<\/a><\/span>\n\t        \t\t        \t\t<span class=\"inline-block\"><span>in<\/span><a href=\"https:\/\/bbcup.sk\/en\/category\/novinky\/\" rel=\"category tag\">novinky<\/a><\/span>\n\t        \t\t        <\/div>\n\t        <p>Ob\u013e\u00faben\u00fd plaveck\u00fd m\u00edting sa v&nbsp;posledn\u00fd marcov\u00fd v\u00edkend v&nbsp;baz\u00e9ne na \u0160tiavni\u010dk\u00e1ch v&nbsp;Banskej Bystrici neuskuto\u010dn\u00ed. N\u00e1hradn\u00fd term\u00edn je&#8230;<\/p>\n\t        <span class=\"pull-left read-more\"><a href=\"https:\/\/bbcup.sk\/en\/plavecky-miting-banska-bystrica-cup-2020-bude-v-nahradnom-termine\/\"><span data-hover=\"Read More\">Read More<\/span><\/a><\/span>\n\t        <span class=\"pull-right\">\n\t\t\t\t\t        <div class=\"tlg-likes-button inline-block tlg-likes-normal\">\n\t        \t<a href=\"#\" class=\"tlg-likes\" id=\"tlg-likes-4389\" title=\"\">\n\t        \t\t<i class=\"ti-heart\"><\/i><span class=\"like-share-name\">0<span> like<\/span><\/span>\t        \t<\/a>\n\t        <\/div>\n\t        \t\t\t\t\t\t\t<\/span>\n    \t<\/div>\n    <\/div>\n<\/div><div class=\"col-sm-4 post-wrap masonry-item mb48\">\n        <div class=\"inner\">\n    \t<div class=\"inner-wrap\">\n    \t\t<a href=\"https:\/\/bbcup.sk\/en\/banska-bystrica-cup-2020-kvalifikaciou-do-tokia-i-testom-pre-eyof\/\">\n\t            <h5 class=\"blog-title mb0\">Bansk\u00e1 Bystrica Cup 2020 kvalifik\u00e1ciou do Tokia i testom pre EYOF<\/h5>\t        <\/a>\n\t        <div class=\"entry-meta mt8 mb16 p0\">\n\t        \t<span class=\"inline-block\">20. February 2020<\/span>\n\t        \t<span class=\"inline-block\"><span>by<\/span><a href=\"https:\/\/bbcup.sk\/en\/author\/admin\/\" title=\"Posts by admin\" rel=\"author\">admin<\/a><\/span>\n\t        \t\t        \t\t<span class=\"inline-block\"><span>in<\/span><a href=\"https:\/\/bbcup.sk\/en\/category\/novinky\/\" rel=\"category tag\">novinky<\/a><\/span>\n\t        \t\t        <\/div>\n\t        <p>Po \u0161pi\u010dkov\u00fdch skokanoch do v\u00fd\u0161ky pr\u00eddu do Banskej Bystrice popredn\u00ed svetov\u00ed plavci, ktor\u00ed sa po\u010das v\u00edkendu&#8230;<\/p>\n\t        <span class=\"pull-left read-more\"><a href=\"https:\/\/bbcup.sk\/en\/banska-bystrica-cup-2020-kvalifikaciou-do-tokia-i-testom-pre-eyof\/\"><span data-hover=\"Read More\">Read More<\/span><\/a><\/span>\n\t        <span class=\"pull-right\">\n\t\t\t\t\t        <div class=\"tlg-likes-button inline-block tlg-likes-normal\">\n\t        \t<a href=\"#\" class=\"tlg-likes\" id=\"tlg-likes-4392\" title=\"\">\n\t        \t\t<i class=\"ti-heart\"><\/i><span class=\"like-share-name\">0<span> like<\/span><\/span>\t        \t<\/a>\n\t        <\/div>\n\t        \t\t\t\t\t\t\t<\/span>\n    \t<\/div>\n    <\/div>\n<\/div><\/div><div class=\"row\"><div class='text-center mt40'><ul class='pagination'><li class='active'><a href='https:\/\/bbcup.sk\/en\/wp-json\/wp\/v2\/pages\/1815'>1<\/a><\/li> <li><a href='https:\/\/bbcup.sk\/en\/wp-json\/wp\/v2\/pages\/1815\/page\/2\/'>2<\/a><\/li> <li><a href='https:\/\/bbcup.sk\/en\/wp-json\/wp\/v2\/pages\/1815\/page\/3\/'>3<\/a><\/li> <li><a href='https:\/\/bbcup.sk\/en\/wp-json\/wp\/v2\/pages\/1815\/page\/4\/'>4<\/a><\/li> <\/ul><\/div><\/div><\/div>[\/vc_column][\/vc_row]<\/p>","protected":false},"excerpt":{"rendered":"<p>[vc_row][vc_column][\/vc_column][\/vc_row]<\/p>","protected":false},"author":1,"featured_media":0,"parent":1808,"menu_order":0,"comment_status":"closed","ping_status":"closed","template":"","meta":{"_monsterinsights_skip_tracking":false,"_monsterinsights_sitenote_active":false,"_monsterinsights_sitenote_note":"","_monsterinsights_sitenote_category":0},"_links":{"self":[{"href":"https:\/\/bbcup.sk\/en\/wp-json\/wp\/v2\/pages\/1815"}],"collection":[{"href":"https:\/\/bbcup.sk\/en\/wp-json\/wp\/v2\/pages"}],"about":[{"href":"https:\/\/bbcup.sk\/en\/wp-json\/wp\/v2\/types\/page"}],"author":[{"embeddable":true,"href":"https:\/\/bbcup.sk\/en\/wp-json\/wp\/v2\/users\/1"}],"replies":[{"embeddable":true,"href":"https:\/\/bbcup.sk\/en\/wp-json\/wp\/v2\/comments?post=1815"}],"version-history":[{"count":0,"href":"https:\/\/bbcup.sk\/en\/wp-json\/wp\/v2\/pages\/1815\/revisions"}],"up":[{"embeddable":true,"href":"https:\/\/bbcup.sk\/en\/wp-json\/wp\/v2\/pages\/1808"}],"wp:attachment":[{"href":"https:\/\/bbcup.sk\/en\/wp-json\/wp\/v2\/media?parent=1815"}],"curies":[{"name":"wp","href":"https:\/\/api.w.org\/{rel}","templated":true}]}}