{"id":1837,"date":"2016-02-21T10:15:21","date_gmt":"2016-02-21T10:15:21","guid":{"rendered":"http:\/\/demo.themelogi.com\/roneous\/?page_id=1837"},"modified":"2016-02-21T10:15:21","modified_gmt":"2016-02-21T10:15:21","slug":"grid-sidebar-left","status":"publish","type":"page","link":"https:\/\/bbcup.sk\/en\/blog\/grid-sidebar-left\/","title":{"rendered":"Grid Sidebar Left"},"content":{"rendered":"<p>[vc_row full_width=&#8220;stretch_row&#8220; tlg_padding=&#8220;pt0 pb0&#8243;][vc_column]<section id=\"blog-69f4156087c84\" class=\"p0 sidebar-left\"><div class=\"container\"><div class=\"row\"><div id=\"sidebar\" class=\"col-md-3 hidden-sm-xs bg-secondary\">\n\t<div id=\"search-2\" class=\"widget widget_search\"><form class=\"search-form\" method=\"get\" id=\"searchform\" action=\"https:\/\/bbcup.sk\/en\/\" data-trp-original-action=\"https:\/\/bbcup.sk\/en\/\">\n\t<input type=\"text\" id=\"s2\" class=\"mb0\" name=\"s\" value=\"\" placeholder=\"Search on site...\" autocomplete=\"off\" \/>\n\t<input type=\"submit\" value=\"\" class=\"btn\">\n<input type=\"hidden\" name=\"trp-form-language\" value=\"en\"\/><\/form><\/div>\n\t\t<div id=\"recent-posts-2\" class=\"widget widget_recent_entries\">\n\t\t<h6 class=\"title\">Recent Posts<\/h6>\n\t\t<ul>\n\t\t\t\t\t\t\t\t\t\t\t<li>\n\t\t\t\t\t<a href=\"https:\/\/bbcup.sk\/en\/banska-bystrica-cup-2021\/\">Banska Bystrica CUP 2021<\/a>\n\t\t\t\t\t\t\t\t\t<\/li>\n\t\t\t\t\t\t\t\t\t\t\t<li>\n\t\t\t\t\t<a href=\"https:\/\/bbcup.sk\/en\/podujatie-banska-bystrica-cup-zrusene-aj-po-treti-krat\/\">Plaveck\u00fd BANSK\u00c1 BYSTRICA CUP 2020 sa nakoniec u\u017e neuskuto\u010dn\u00ed (ani v tre\u0165om term\u00edne)<\/a>\n\t\t\t\t\t\t\t\t\t<\/li>\n\t\t\t\t\t\t\t\t\t\t\t<li>\n\t\t\t\t\t<a href=\"https:\/\/bbcup.sk\/en\/opatrenia-v-suvislosti-s-covid\/\">Opatrenia v s\u00favislosti s COVID<\/a>\n\t\t\t\t\t\t\t\t\t<\/li>\n\t\t\t\t\t\t\t\t\t\t\t<li>\n\t\t\t\t\t<a href=\"https:\/\/bbcup.sk\/en\/uskutocni-sa-plavecky-banska-bystrica-cup-2020-nakoniec-v-tretom-termine\/\">Uskuto\u010dn\u00ed sa plaveck\u00fd BANSK\u00c1 BYSTRICA CUP 2020 nakoniec v tre\u0165om term\u00edne?<\/a>\n\t\t\t\t\t\t\t\t\t<\/li>\n\t\t\t\t\t\t\t\t\t\t\t<li>\n\t\t\t\t\t<a href=\"https:\/\/bbcup.sk\/en\/plavecky-miting-banska-bystrica-cup-2020-bude-v-nahradnom-termine\/\">Plaveck\u00fd m\u00edting BANSK\u00c1 BYSTRICA CUP 2020 bude v n\u00e1hradnom term\u00edne.<\/a>\n\t\t\t\t\t\t\t\t\t<\/li>\n\t\t\t\t\t<\/ul>\n\n\t\t<\/div><div id=\"recent-comments-2\" class=\"widget widget_recent_comments\"><h6 class=\"title\">Recent Comments<\/h6><ul id=\"recentcomments\"><li class=\"recentcomments\"><span class=\"comment-author-link\">Gerhard<\/span> on <a href=\"https:\/\/bbcup.sk\/en\/?p=872\/#comment-39\">Shirt solid<\/a><\/li><li class=\"recentcomments\"><span class=\"comment-author-link\">Maria<\/span> on <a href=\"https:\/\/bbcup.sk\/en\/?p=76\/#comment-24\">Solider short<\/a><\/li><li class=\"recentcomments\"><span class=\"comment-author-link\">Maria<\/span> on <a href=\"https:\/\/bbcup.sk\/en\/?p=873\/#comment-41\">Shoes cotion<\/a><\/li><li class=\"recentcomments\"><span class=\"comment-author-link\">Maria<\/span> on <a href=\"https:\/\/bbcup.sk\/en\/?p=60\/#comment-19\">Coban shirt<\/a><\/li><li class=\"recentcomments\"><span class=\"comment-author-link\">Maria<\/span> on <a href=\"https:\/\/bbcup.sk\/en\/?p=872\/#comment-38\">Shirt solid<\/a><\/li><\/ul><\/div><div id=\"tlg-instagram-widget-1\" class=\"widget widget_tlg-instagram-widget\"><h6 class=\"title\">Instagram Feed<\/h6>Instagram Access Token is missing, please add the token in your Dashboard &gt; Appearances &gt; Customize &gt; System &gt; Instagram Access Token.<\/div><div id=\"tlg-posts-widget-1\" class=\"widget widget_tlg-posts-widget\"><h6 class=\"title\">Featured Posts<\/h6>\t\t\t    <ul class=\"tlg-posts-widget\">\n\t\t\t\t\t\t\t\t        <li class=\"tlg-posts-item\">\n\t\t\t        \t\t\t\t            <div class=\"tlg-posts-content\">\n\t\t\t              \t<a href=\"https:\/\/bbcup.sk\/en\/banska-bystrica-cup-2021\/\" class=\"tlg-posts-title\" title=\"Banska Bystrica CUP 2021\">Banska Bystrica CUP 2021<\/a>\n\t\t\t              \t<div class=\"tlg-posts-meta\">\n\t\t\t\t\t\t\t\t\t\t\t\t                \t<span class=\"tlg-posts-date\">11. April 2021<\/span>\n\t\t\t\t                \t\t\t\t\t\t\t\t\t\t\t              \t<\/div>\n\t\t\t            <\/div>\n\t\t\t        <\/li>\n\t\t\t\t\t\t\t        <li class=\"tlg-posts-item\">\n\t\t\t        \t\t\t\t            <div class=\"tlg-posts-content\">\n\t\t\t              \t<a href=\"https:\/\/bbcup.sk\/en\/podujatie-banska-bystrica-cup-zrusene-aj-po-treti-krat\/\" class=\"tlg-posts-title\" title=\"Plaveck\u00fd BANSK\u00c1 BYSTRICA CUP 2020 sa nakoniec u\u017e neuskuto\u010dn\u00ed (ani v tre\u0165om term\u00edne)\">Plaveck\u00fd BANSK\u00c1 BYSTRICA CUP 2020 sa nakoniec u\u017e neuskuto\u010dn\u00ed (ani v tre\u0165om term\u00edne)<\/a>\n\t\t\t              \t<div class=\"tlg-posts-meta\">\n\t\t\t\t\t\t\t\t\t\t\t\t                \t<span class=\"tlg-posts-date\">23. October 2020<\/span>\n\t\t\t\t                \t\t\t\t\t\t\t\t\t\t\t              \t<\/div>\n\t\t\t            <\/div>\n\t\t\t        <\/li>\n\t\t\t\t\t\t\t        <li class=\"tlg-posts-item\">\n\t\t\t        \t\t\t\t            <div class=\"tlg-posts-content\">\n\t\t\t              \t<a href=\"https:\/\/bbcup.sk\/en\/opatrenia-v-suvislosti-s-covid\/\" class=\"tlg-posts-title\" title=\"Opatrenia v s\u00favislosti s COVID\">Opatrenia v s\u00favislosti s COVID<\/a>\n\t\t\t              \t<div class=\"tlg-posts-meta\">\n\t\t\t\t\t\t\t\t\t\t\t\t                \t<span class=\"tlg-posts-date\">12. October 2020<\/span>\n\t\t\t\t                \t\t\t\t\t\t\t\t\t\t\t              \t<\/div>\n\t\t\t            <\/div>\n\t\t\t        <\/li>\n\t\t\t\t\t\t\t    <\/ul>\n\t\t\t\t<\/div>\t\t\t\t<div id=\"categories-3\" class=\"widget widget_categories\"><h6 class=\"title\">Categories<\/h6>\n\t\t\t<ul>\n\t\t\t\t\t<li class=\"cat-item cat-item-161\"><a href=\"https:\/\/bbcup.sk\/en\/category\/historia\/\">historia<\/a>\n<\/li>\n\t<li class=\"cat-item cat-item-1\"><a href=\"https:\/\/bbcup.sk\/en\/category\/nezaradene\/\">Nezaraden\u00e9<\/a>\n<\/li>\n\t<li class=\"cat-item cat-item-160\"><a href=\"https:\/\/bbcup.sk\/en\/category\/novinky\/\">novinky<\/a>\n<\/li>\n\t\t\t<\/ul>\n\n\t\t\t<\/div><\/div><div id=\"main-content\" class=\"col-md-9 col-sm-12\"><div class=\"row mb40\"><div class=\"col-sm-6 col-xs-12 mb32 mb-xs-24\">\r\n    <div class=\"clearfix m0-xs border-line-bottom light-inner\">\r\n                <a href=\"https:\/\/bbcup.sk\/en\/banska-bystrica-cup-2021\/\">\r\n            <h5 class=\"blog-title mb0\">Banska Bystrica CUP 2021<\/h5>        <\/a>\r\n        <div class=\"entry-meta mt8 mb16 p0\">\r\n            <span class=\"inline-block\">11. April 2021<\/span>\r\n            <span class=\"inline-block\"><span>by<\/span><a href=\"https:\/\/bbcup.sk\/en\/author\/admin\/\" title=\"Posts by admin\" rel=\"author\">admin<\/a><\/span>\r\n        <\/div>\r\n        <p>Dovo\u013eujeme si V\u00e1s informova\u0165, \u017ee n\u00e1\u0161 plaveck\u00fd m\u00edting \u201cBANSK\u00c1 BYSTRICA CUP\u201dsa pre nepriazniv\u00fa pandemick\u00fa situ\u00e1ciu v&#8230;<\/p>\n        <div class=\"pull-left mt8\">\r\n            \t        <div class=\"tlg-likes-button inline-block tlg-likes-normal\">\n\t        \t<a href=\"#\" class=\"tlg-likes\" id=\"tlg-likes-4402\" title=\"\">\n\t        \t\t<i class=\"ti-heart\"><\/i><span class=\"like-share-name\">0<span> like<\/span><\/span>\t        \t<\/a>\n\t        <\/div>\n\t                            <\/div>\r\n                    <div class=\"pull-right mt8 category-more\">\r\n            <a href=\"https:\/\/bbcup.sk\/en\/category\/novinky\/\">novinky<\/a>            <\/div>\r\n            <\/div>\r\n<\/div><div class=\"col-sm-6 col-xs-12 mb32 mb-xs-24\">\r\n    <div class=\"clearfix m0-xs border-line-bottom light-inner\">\r\n                <a href=\"https:\/\/bbcup.sk\/en\/podujatie-banska-bystrica-cup-zrusene-aj-po-treti-krat\/\">\r\n            <h5 class=\"blog-title mb0\">Plaveck\u00fd BANSK\u00c1 BYSTRICA CUP 2020 sa nakoniec u\u017e neuskuto\u010dn\u00ed (ani v tre\u0165om term\u00edne)<\/h5>        <\/a>\r\n        <div class=\"entry-meta mt8 mb16 p0\">\r\n            <span class=\"inline-block\">23. October 2020<\/span>\r\n            <span class=\"inline-block\"><span>by<\/span><a href=\"https:\/\/bbcup.sk\/en\/author\/admin\/\" title=\"Posts by admin\" rel=\"author\">admin<\/a><\/span>\r\n        <\/div>\r\n        <p>Banskobystrick\u00fd poh\u00e1r, jeden z&nbsp;najv\u00e4\u010d\u0161\u00edch plaveck\u00fdch m\u00edtingov na Slovensku zaraden\u00fd do kalend\u00e1rov svetovej ako aj eur\u00f3pskej stre\u0161nej&#8230;<\/p>\n        <div class=\"pull-left mt8\">\r\n            \t        <div class=\"tlg-likes-button inline-block tlg-likes-normal\">\n\t        \t<a href=\"#\" class=\"tlg-likes\" id=\"tlg-likes-4380\" title=\"\">\n\t        \t\t<i class=\"ti-heart\"><\/i><span class=\"like-share-name\">0<span> like<\/span><\/span>\t        \t<\/a>\n\t        <\/div>\n\t                            <\/div>\r\n                    <div class=\"pull-right mt8 category-more\">\r\n            <a href=\"https:\/\/bbcup.sk\/en\/category\/novinky\/\">novinky<\/a>            <\/div>\r\n            <\/div>\r\n<\/div><\/div><div class=\"row mb40\"><div class=\"col-sm-6 col-xs-12 mb32 mb-xs-24\">\r\n    <div class=\"clearfix m0-xs border-line-bottom light-inner\">\r\n                <a href=\"https:\/\/bbcup.sk\/en\/opatrenia-v-suvislosti-s-covid\/\">\r\n            <h5 class=\"blog-title mb0\">Opatrenia v s\u00favislosti s COVID<\/h5>        <\/a>\r\n        <div class=\"entry-meta mt8 mb16 p0\">\r\n            <span class=\"inline-block\">12. October 2020<\/span>\r\n            <span class=\"inline-block\"><span>by<\/span><a href=\"https:\/\/bbcup.sk\/en\/author\/admin\/\" title=\"Posts by admin\" rel=\"author\">admin<\/a><\/span>\r\n        <\/div>\r\n        <p>Opatrenie organiz\u00e1tora pre uskuto\u010dnenie podujatia Bansk\u00e1 Bystrica Cup 2020, 24. \u2013 25. okt\u00f3bra 2020 Dokumenty na&#8230;<\/p>\n        <div class=\"pull-left mt8\">\r\n            \t        <div class=\"tlg-likes-button inline-block tlg-likes-normal\">\n\t        \t<a href=\"#\" class=\"tlg-likes\" id=\"tlg-likes-4370\" title=\"\">\n\t        \t\t<i class=\"ti-heart\"><\/i><span class=\"like-share-name\">0<span> like<\/span><\/span>\t        \t<\/a>\n\t        <\/div>\n\t                            <\/div>\r\n                    <div class=\"pull-right mt8 category-more\">\r\n            <a href=\"https:\/\/bbcup.sk\/en\/category\/novinky\/\">novinky<\/a>            <\/div>\r\n            <\/div>\r\n<\/div><div class=\"col-sm-6 col-xs-12 mb32 mb-xs-24\">\r\n    <div class=\"clearfix m0-xs border-line-bottom light-inner\">\r\n                <a href=\"https:\/\/bbcup.sk\/en\/uskutocni-sa-plavecky-banska-bystrica-cup-2020-nakoniec-v-tretom-termine\/\">\r\n            <h5 class=\"blog-title mb0\">Uskuto\u010dn\u00ed sa plaveck\u00fd BANSK\u00c1 BYSTRICA CUP 2020 nakoniec v tre\u0165om term\u00edne?<\/h5>        <\/a>\r\n        <div class=\"entry-meta mt8 mb16 p0\">\r\n            <span class=\"inline-block\">4. October 2020<\/span>\r\n            <span class=\"inline-block\"><span>by<\/span><a href=\"https:\/\/bbcup.sk\/en\/author\/admin\/\" title=\"Posts by admin\" rel=\"author\">admin<\/a><\/span>\r\n        <\/div>\r\n        <p>Banskobystrick\u00fd poh\u00e1r, jeden z\u00a0najv\u00e4\u010d\u0161\u00edch plaveck\u00fdch m\u00edtingov na Slovensku s\u013euboval v\u00a0posledn\u00fd marcov\u00fd v\u00edkend kvalitn\u00fa konkurenciu a\u00a0v\u00fdborn\u00e9 v\u00fdkony&#8230;.<\/p>\n        <div class=\"pull-left mt8\">\r\n            \t        <div class=\"tlg-likes-button inline-block tlg-likes-normal\">\n\t        \t<a href=\"#\" class=\"tlg-likes\" id=\"tlg-likes-4387\" title=\"\">\n\t        \t\t<i class=\"ti-heart\"><\/i><span class=\"like-share-name\">0<span> like<\/span><\/span>\t        \t<\/a>\n\t        <\/div>\n\t                            <\/div>\r\n                    <div class=\"pull-right mt8 category-more\">\r\n            <a href=\"https:\/\/bbcup.sk\/en\/category\/novinky\/\">novinky<\/a>            <\/div>\r\n            <\/div>\r\n<\/div><\/div><div class=\"row\"><div class='text-center mt40'><ul class='pagination'><li class='active'><a href='https:\/\/bbcup.sk\/en\/wp-json\/wp\/v2\/pages\/1837'>1<\/a><\/li> <li><a href='https:\/\/bbcup.sk\/en\/wp-json\/wp\/v2\/pages\/1837\/page\/2\/'>2<\/a><\/li> <li><a href='https:\/\/bbcup.sk\/en\/wp-json\/wp\/v2\/pages\/1837\/page\/3\/'>3<\/a><\/li> <li><a href='https:\/\/bbcup.sk\/en\/wp-json\/wp\/v2\/pages\/1837\/page\/4\/'>4<\/a><\/li> <li><a href='https:\/\/bbcup.sk\/en\/wp-json\/wp\/v2\/pages\/1837\/page\/5\/'>5<\/a><\/li> <\/ul><\/div><\/div><\/div><\/div><\/div><\/section>[\/vc_column][\/vc_row]<\/p>","protected":false},"excerpt":{"rendered":"<p>[vc_row full_width=&#8220;stretch_row&#8220; tlg_padding=&#8220;pt0 pb0&#8243;][vc_column][\/vc_column][\/vc_row]<\/p>","protected":false},"author":1,"featured_media":0,"parent":1808,"menu_order":0,"comment_status":"closed","ping_status":"closed","template":"","meta":{"_monsterinsights_skip_tracking":false,"_monsterinsights_sitenote_active":false,"_monsterinsights_sitenote_note":"","_monsterinsights_sitenote_category":0},"_links":{"self":[{"href":"https:\/\/bbcup.sk\/en\/wp-json\/wp\/v2\/pages\/1837"}],"collection":[{"href":"https:\/\/bbcup.sk\/en\/wp-json\/wp\/v2\/pages"}],"about":[{"href":"https:\/\/bbcup.sk\/en\/wp-json\/wp\/v2\/types\/page"}],"author":[{"embeddable":true,"href":"https:\/\/bbcup.sk\/en\/wp-json\/wp\/v2\/users\/1"}],"replies":[{"embeddable":true,"href":"https:\/\/bbcup.sk\/en\/wp-json\/wp\/v2\/comments?post=1837"}],"version-history":[{"count":0,"href":"https:\/\/bbcup.sk\/en\/wp-json\/wp\/v2\/pages\/1837\/revisions"}],"up":[{"embeddable":true,"href":"https:\/\/bbcup.sk\/en\/wp-json\/wp\/v2\/pages\/1808"}],"wp:attachment":[{"href":"https:\/\/bbcup.sk\/en\/wp-json\/wp\/v2\/media?parent=1837"}],"curies":[{"name":"wp","href":"https:\/\/api.w.org\/{rel}","templated":true}]}}