{"id":2035,"date":"2016-02-23T14:25:38","date_gmt":"2016-02-23T14:25:38","guid":{"rendered":"http:\/\/demo.themelogi.com\/roneous\/?page_id=2035"},"modified":"2020-06-01T23:45:06","modified_gmt":"2020-06-01T21:45:06","slug":"news-express","status":"publish","type":"page","link":"https:\/\/bbcup.sk\/en\/home\/news-express\/","title":{"rendered":"News Express"},"content":{"rendered":"<p>[vc_row full_width=&#8220;stretch_row&#8220;][vc_column]\n\t\t\t<!-- START Slider REVOLUTION SLIDER 6.2.6 --><p class=\"rs-p-wp-fix\"><\/p>\n\t\t\t<rs-module-wrap id=\"rev_slider_2_1_wrapper\" data-source=\"gallery\" style=\"background:transparent;padding:0;\">\n\t\t\t\t<rs-module id=\"rev_slider_2_1\" style=\"\" data-version=\"6.2.6\">\n\t\t\t\t\t<rs-slides>\n\t\t\t\t\t\t<rs-slide data-key=\"rs-4\" data-title=\"Slide\" data-duration=\"8000\" data-anim=\"ei:d;eo:d;s:800;r:0;t:crossfade;sl:d;\">\n\t\t\t\t\t\t\t<img src=\"\/\/web.bbcup.sk\/wp-content\/uploads\/2020\/06\/Bootsma_Rachel-TB2_3795-.jpg\" width=\"2343\" height=\"1318\" data-panzoom=\"d:20000;e:power2.out;ss:100;se:110;\" class=\"rev-slidebg\" data-no-retina>\n<!--\n\t\t\t\t\t\t\t--><rs-layer\n\t\t\t\t\t\t\t\tid=\"slider-2-slide-4-layer-10\" \n\t\t\t\t\t\t\t\tdata-type=\"image\"\n\t\t\t\t\t\t\t\tdata-rsp_ch=\"on\"\n\t\t\t\t\t\t\t\tdata-xy=\"xo:1722px,861px,574px,293px;yo:134px,112px,130px,119px;\"\n\t\t\t\t\t\t\t\tdata-text=\"w:normal;s:20,10,7,4;l:0,13,9,6;\"\n\t\t\t\t\t\t\t\tdata-dim=\"w:168px,144px,178px,169px;h:141px,121px,150px,142px;\"\n\t\t\t\t\t\t\t\tdata-frame_999=\"o:0;st:w;\"\n\t\t\t\t\t\t\t\tstyle=\"z-index:8;\"\n\t\t\t\t\t\t\t><img src=\"\/\/web.bbcup.sk\/wp-content\/uploads\/2020\/06\/Logo-Mesto-I..png\" width=\"752\" height=\"632\" data-no-retina> \n\t\t\t\t\t\t\t<\/rs-layer><!--\n\n\t\t\t\t\t\t\t--><a\n\t\t\t\t\t\t\t\tid=\"slider-2-slide-4-layer-13\" \n\t\t\t\t\t\t\t\tclass=\"rs-layer\"\n\t\t\t\t\t\t\t\thref=\"http:\/\/www.poumb.sk\" target=\"_blank\" rel=\"nofollow noopener\"\n\t\t\t\t\t\t\t\tdata-type=\"image\"\n\t\t\t\t\t\t\t\tdata-rsp_ch=\"on\"\n\t\t\t\t\t\t\t\tdata-xy=\"xo:1713px,843px,564px,280px;yo:7px,7px,7px,8px;\"\n\t\t\t\t\t\t\t\tdata-text=\"w:normal;s:20,10,7,4;l:0,13,9,6;\"\n\t\t\t\t\t\t\t\tdata-dim=\"w:183px,175px,204px,192px;h:101px,97px,113px,106px;\"\n\t\t\t\t\t\t\t\tdata-frame_999=\"o:0;st:w;\"\n\t\t\t\t\t\t\t\tstyle=\"z-index:9;\"\n\t\t\t\t\t\t\t><img src=\"\/\/web.bbcup.sk\/wp-content\/uploads\/2020\/06\/g3766.png\" width=\"481\" height=\"266\" data-no-retina> \n\t\t\t\t\t\t\t<\/a><!--\n-->\t\t\t\t\t\t<\/rs-slide>\n\t\t\t\t\t<\/rs-slides>\n\t\t\t\t\t<rs-progress class=\"rs-bottom\" style=\"visibility: hidden !important;\"><\/rs-progress>\n\t\t\t\t<\/rs-module>\n\t\t\t\t<script type=\"text\/javascript\">\n\t\t\t\t\tsetREVStartSize({c: 'rev_slider_2_1',rl:[1240,1024,778,480],el:[868,768,960,720],gw:[1920,1024,778,480],gh:[868,768,960,720],type:'standard',justify:'',layout:'fullscreen',offsetContainer:'',offset:'',mh:\"0\"});\n\t\t\t\t\tvar\trevapi2,\n\t\t\t\t\t\ttpj;\n\t\t\t\t\tjQuery(function() {\n\t\t\t\t\t\ttpj = jQuery;\n\t\t\t\t\t\trevapi2 = tpj(\"#rev_slider_2_1\")\n\t\t\t\t\t\tif(revapi2==undefined || revapi2.revolution == undefined){\n\t\t\t\t\t\t\trevslider_showDoubleJqueryError(\"rev_slider_2_1\");\n\t\t\t\t\t\t}else{\n\t\t\t\t\t\t\trevapi2.revolution({\n\t\t\t\t\t\t\t\tsliderLayout:\"fullscreen\",\n\t\t\t\t\t\t\t\tdottedOverlay:\"twoxtwo\",\n\t\t\t\t\t\t\t\tvisibilityLevels:\"1240,1024,778,480\",\n\t\t\t\t\t\t\t\tgridwidth:\"1920,1024,778,480\",\n\t\t\t\t\t\t\t\tgridheight:\"868,768,960,720\",\n\t\t\t\t\t\t\t\tperspective:600,\n\t\t\t\t\t\t\t\tperspectiveType:\"local\",\n\t\t\t\t\t\t\t\teditorheight:\"868,768,960,720\",\n\t\t\t\t\t\t\t\tresponsiveLevels:\"1240,1024,778,480\",\n\t\t\t\t\t\t\t\tdisableProgressBar:\"on\",\n\t\t\t\t\t\t\t\tnavigation: {\n\t\t\t\t\t\t\t\t\tonHoverStop:false\n\t\t\t\t\t\t\t\t},\n\t\t\t\t\t\t\t\tfallbacks: {\n\t\t\t\t\t\t\t\t\tignoreHeightChanges:\"\",\n\t\t\t\t\t\t\t\t\tallowHTML5AutoPlayOnAndroid:true\n\t\t\t\t\t\t\t\t},\n\t\t\t\t\t\t\t});\n\t\t\t\t\t\t}\n\t\t\t\t\t\t\n\t\t\t\t\t});\n\t\t\t\t<\/script>\n\t\t\t\t<script>\n\t\t\t\t\tvar htmlDivCss = unescape(\".tp-dottedoverlay.twoxtwo%20%7B%20background%3A%20linear-gradient%28to%20bottom%2C%20rgba%280%2C0%2C0%2C0.5%29%200%25%2Crgba%280%2C0%2C0%2C0%29%20100%25%29%20%21important%3B%20%7D\");\n\t\t\t\t\tvar htmlDiv = document.getElementById('rs-plugin-settings-inline-css');\n\t\t\t\t\tif(htmlDiv) {\n\t\t\t\t\t\thtmlDiv.innerHTML = htmlDiv.innerHTML + htmlDivCss;\n\t\t\t\t\t}else{\n\t\t\t\t\t\tvar htmlDiv = document.createElement('div');\n\t\t\t\t\t\thtmlDiv.innerHTML = '<style>' + htmlDivCss + '<\/style>';\n\t\t\t\t\t\tdocument.getElementsByTagName('head')[0].appendChild(htmlDiv.childNodes[0]);\n\t\t\t\t\t}\n\t\t\t\t<\/script>\n\t\t\t<\/rs-module-wrap>\n\t\t\t<!-- END REVOLUTION SLIDER -->\n<section  id=\"single-69f5b5349e321\" class=\"header-single vertical-flex m0 image-bg   parallax  p0 fullscreen\" style=\"\"><div class=\"background-content\"><img width=\"1920\" height=\"1281\" src=\"https:\/\/bbcup.sk\/wp-content\/uploads\/2016\/06\/man-type.jpg\" class=\"background-image\" alt=\"\" loading=\"lazy\" srcset=\"https:\/\/bbcup.sk\/wp-content\/uploads\/2016\/06\/man-type.jpg 1920w, https:\/\/bbcup.sk\/wp-content\/uploads\/2016\/06\/man-type-300x200.jpg 300w, https:\/\/bbcup.sk\/wp-content\/uploads\/2016\/06\/man-type-1024x683.jpg 1024w, https:\/\/bbcup.sk\/wp-content\/uploads\/2016\/06\/man-type-768x512.jpg 768w, https:\/\/bbcup.sk\/wp-content\/uploads\/2016\/06\/man-type-1536x1025.jpg 1536w, https:\/\/bbcup.sk\/wp-content\/uploads\/2016\/06\/man-type-600x400.jpg 600w\" sizes=\"(max-width: 1920px) 100vw, 1920px\" \/><div  class=\"background-overlay\"><\/div><\/div><div  class=\"container vertical-flex-column item-content\"><div class=\"row\"><div class=\"standard-slide col-md-10 col-md-offset-1 col-sm-12 text-left\"><h1 class=\"heading-title-bold\">Blogpress<\/h1><div class=\"lead\" >Even more in 140 characters.<\/div><div class=\"heading-content\"><\/div><div class=\"mt24 mt-xs-0\"><a  id=\"btn-69f5b5349e322\"  class=\"btn-sm-sm btn-lg m0 btn btn-filled btn-light btn-rounded ti-angle-double-down\" href= \"#main\"  >Discover<\/a><\/div>\n                <\/div><\/div><\/div><script type=\"text\/javascript\">jQuery(document).ready(function(){jQuery('head').append('<style type=\"text\/css\" id=\"tlg-custom-css-single-69f5b5349e321\">@font-face {font-family:\"Poppins\"; src:url(\"http:\/\/fonts.gstatic.com\/s\/poppins\/v1\/8JitanEsk5aDh7mDYs-fYfesZW2xOQ-xsNqO47m55DA.ttf\");}@font-face {font-family:\"Playfair Display\"; src:url(\"http:\/\/fonts.gstatic.com\/s\/playfairdisplay\/v10\/UC3ZEjagJi85gF9qFaBgICsv6SrURqJprbhH_C1Mw8w.ttf\");}#single-69f5b5349e321 h1{text-shadow:none;font-size:125px;line-height:135px;letter-spacing:0px!important;text-transform: uppercase!important;font-family:Poppins;font-weight:700;font-style:normal;}#single-69f5b5349e321 .lead{text-shadow:none;font-size:50px;line-height:55px;text-transform: none!important;font-family:Playfair Display;font-weight:700;font-style:normal;}#single-69f5b5349e321 .heading-content p{text-shadow:none;text-transform: none!important;}<\/style>');});<\/script><\/section>[\/vc_column][\/vc_row][vc_row full_width=&#8220;stretch_row&#8220; el_id=&#8220;main&#8220; css=&#8220;.vc_custom_1461588344910{padding-top: 7% !important;padding-right: 3% !important;padding-bottom: 7% !important;padding-left: 3% !important;}&#8220;][vc_column width=&#8220;2\/3&#8243;]<div id=\"blog-69f5b5349f487\" class=\"row\"><div class=\"col-md-12\"><div class=\"post-wrap mb64\">\n\t<div class=\"inner-wrap border-none p0\">\n\t\t<div class=\"inner-left\">\n\t\t\t<div class=\"day\">11<\/div>\n\t\t\t<div class=\"month\">Apr<\/div>\n\t\t<\/div>\n\t\t<div class=\"inner-right\">\n\t\t    <div class=\"post-title\">\n    <h4><a class=\"link-dark-title entry-title\" href=\"https:\/\/bbcup.sk\/en\/banska-bystrica-cup-2021\/\">Banska Bystrica CUP 2021<\/a><\/h4><\/div>\n<div class=\"entry-meta mt8 mb16 p0\">\n\t<span class=\"inline-block hide updated\"><i class=\"ti-timer\"><\/i>11. April 2021<\/span>\n\t<span class=\"inline-block author\"><i class=\"ti-user\"><\/i><span>by<\/span><a href=\"https:\/\/bbcup.sk\/en\/author\/admin\/\" title=\"Posts by admin\" rel=\"author\">admin<\/a><\/span>\n\t\t\t<span class=\"inline-block\"><i class=\"ti-folder\"><\/i><span>in<\/span><a href=\"https:\/\/bbcup.sk\/en\/category\/novinky\/\" rel=\"category tag\">novinky<\/a><\/span>\n\t\t<\/div><p>Dovo\u013eujeme si V\u00e1s informova\u0165, \u017ee n\u00e1\u0161 plaveck\u00fd m\u00edting \u201cBANSK\u00c1 BYSTRICA CUP\u201dsa pre nepriazniv\u00fa pandemick\u00fa situ\u00e1ciu v&#8230;<\/p>\n\t\t\t<div class=\"overflow-hidden\">\n\t\t\t\t<div class=\"pull-left\">\n\t\t\t\t\t<span class=\"read-more\"><a href=\"https:\/\/bbcup.sk\/en\/banska-bystrica-cup-2021\/\"><span data-hover=\"Read More\">Read More<\/span><\/a><\/span>\n\t\t\t\t<\/div>\n\t\t\t\t<div class=\"pull-right\">\n\t\t\t\t\t\t        <div class=\"tlg-likes-button inline-block tlg-likes-normal\">\n\t        \t<a href=\"#\" class=\"tlg-likes\" id=\"tlg-likes-4402\" title=\"\">\n\t        \t\t<i class=\"ti-heart\"><\/i><span class=\"like-share-name\">0<span> like<\/span><\/span>\t        \t<\/a>\n\t        <\/div>\n\t        \t\t\t\t<\/div>\n\t\t\t<\/div>\n\t\t<\/div>\n\t<\/div>\n<\/div><div class=\"post-wrap mb64\">\n\t<div class=\"inner-wrap border-none p0\">\n\t\t<div class=\"inner-left\">\n\t\t\t<div class=\"day\">23<\/div>\n\t\t\t<div class=\"month\">Oct<\/div>\n\t\t<\/div>\n\t\t<div class=\"inner-right\">\n\t\t    <div class=\"post-title\">\n    <h4><a class=\"link-dark-title entry-title\" href=\"https:\/\/bbcup.sk\/en\/podujatie-banska-bystrica-cup-zrusene-aj-po-treti-krat\/\">Plaveck\u00fd BANSK\u00c1 BYSTRICA CUP 2020 sa nakoniec u\u017e neuskuto\u010dn\u00ed (ani v tre\u0165om term\u00edne)<\/a><\/h4><\/div>\n<div class=\"entry-meta mt8 mb16 p0\">\n\t<span class=\"inline-block hide updated\"><i class=\"ti-timer\"><\/i>23. October 2020<\/span>\n\t<span class=\"inline-block author\"><i class=\"ti-user\"><\/i><span>by<\/span><a href=\"https:\/\/bbcup.sk\/en\/author\/admin\/\" title=\"Posts by admin\" rel=\"author\">admin<\/a><\/span>\n\t\t\t<span class=\"inline-block\"><i class=\"ti-folder\"><\/i><span>in<\/span><a href=\"https:\/\/bbcup.sk\/en\/category\/novinky\/\" rel=\"category tag\">novinky<\/a><\/span>\n\t\t<\/div><p>Banskobystrick\u00fd poh\u00e1r, jeden z&nbsp;najv\u00e4\u010d\u0161\u00edch plaveck\u00fdch m\u00edtingov na Slovensku zaraden\u00fd do kalend\u00e1rov svetovej ako aj eur\u00f3pskej stre\u0161nej&#8230;<\/p>\n\t\t\t<div class=\"overflow-hidden\">\n\t\t\t\t<div class=\"pull-left\">\n\t\t\t\t\t<span class=\"read-more\"><a href=\"https:\/\/bbcup.sk\/en\/podujatie-banska-bystrica-cup-zrusene-aj-po-treti-krat\/\"><span data-hover=\"Read More\">Read More<\/span><\/a><\/span>\n\t\t\t\t<\/div>\n\t\t\t\t<div class=\"pull-right\">\n\t\t\t\t\t\t        <div class=\"tlg-likes-button inline-block tlg-likes-normal\">\n\t        \t<a href=\"#\" class=\"tlg-likes\" id=\"tlg-likes-4380\" title=\"\">\n\t        \t\t<i class=\"ti-heart\"><\/i><span class=\"like-share-name\">0<span> like<\/span><\/span>\t        \t<\/a>\n\t        <\/div>\n\t        \t\t\t\t<\/div>\n\t\t\t<\/div>\n\t\t<\/div>\n\t<\/div>\n<\/div><div class=\"post-wrap mb64\">\n\t<div class=\"inner-wrap border-none p0\">\n\t\t<div class=\"inner-left\">\n\t\t\t<div class=\"day\">12<\/div>\n\t\t\t<div class=\"month\">Oct<\/div>\n\t\t<\/div>\n\t\t<div class=\"inner-right\">\n\t\t    <div class=\"post-title\">\n    <h4><a class=\"link-dark-title entry-title\" href=\"https:\/\/bbcup.sk\/en\/opatrenia-v-suvislosti-s-covid\/\">Opatrenia v s\u00favislosti s COVID<\/a><\/h4><\/div>\n<div class=\"entry-meta mt8 mb16 p0\">\n\t<span class=\"inline-block hide updated\"><i class=\"ti-timer\"><\/i>12. October 2020<\/span>\n\t<span class=\"inline-block author\"><i class=\"ti-user\"><\/i><span>by<\/span><a href=\"https:\/\/bbcup.sk\/en\/author\/admin\/\" title=\"Posts by admin\" rel=\"author\">admin<\/a><\/span>\n\t\t\t<span class=\"inline-block\"><i class=\"ti-folder\"><\/i><span>in<\/span><a href=\"https:\/\/bbcup.sk\/en\/category\/novinky\/\" rel=\"category tag\">novinky<\/a><\/span>\n\t\t<\/div><p>Opatrenie organiz\u00e1tora pre uskuto\u010dnenie podujatia Bansk\u00e1 Bystrica Cup 2020, 24. \u2013 25. okt\u00f3bra 2020 Dokumenty na&#8230;<\/p>\n\t\t\t<div class=\"overflow-hidden\">\n\t\t\t\t<div class=\"pull-left\">\n\t\t\t\t\t<span class=\"read-more\"><a href=\"https:\/\/bbcup.sk\/en\/opatrenia-v-suvislosti-s-covid\/\"><span data-hover=\"Read More\">Read More<\/span><\/a><\/span>\n\t\t\t\t<\/div>\n\t\t\t\t<div class=\"pull-right\">\n\t\t\t\t\t\t        <div class=\"tlg-likes-button inline-block tlg-likes-normal\">\n\t        \t<a href=\"#\" class=\"tlg-likes\" id=\"tlg-likes-4370\" title=\"\">\n\t        \t\t<i class=\"ti-heart\"><\/i><span class=\"like-share-name\">0<span> like<\/span><\/span>\t        \t<\/a>\n\t        <\/div>\n\t        \t\t\t\t<\/div>\n\t\t\t<\/div>\n\t\t<\/div>\n\t<\/div>\n<\/div><div class=\"post-wrap mb64\">\n\t<div class=\"inner-wrap border-none p0\">\n\t\t<div class=\"inner-left\">\n\t\t\t<div class=\"day\">04<\/div>\n\t\t\t<div class=\"month\">Oct<\/div>\n\t\t<\/div>\n\t\t<div class=\"inner-right\">\n\t\t    <div class=\"post-title\">\n    <h4><a class=\"link-dark-title entry-title\" href=\"https:\/\/bbcup.sk\/en\/uskutocni-sa-plavecky-banska-bystrica-cup-2020-nakoniec-v-tretom-termine\/\">Uskuto\u010dn\u00ed sa plaveck\u00fd BANSK\u00c1 BYSTRICA CUP 2020 nakoniec v tre\u0165om term\u00edne?<\/a><\/h4><\/div>\n<div class=\"entry-meta mt8 mb16 p0\">\n\t<span class=\"inline-block hide updated\"><i class=\"ti-timer\"><\/i>4. October 2020<\/span>\n\t<span class=\"inline-block author\"><i class=\"ti-user\"><\/i><span>by<\/span><a href=\"https:\/\/bbcup.sk\/en\/author\/admin\/\" title=\"Posts by admin\" rel=\"author\">admin<\/a><\/span>\n\t\t\t<span class=\"inline-block\"><i class=\"ti-folder\"><\/i><span>in<\/span><a href=\"https:\/\/bbcup.sk\/en\/category\/novinky\/\" rel=\"category tag\">novinky<\/a><\/span>\n\t\t<\/div><p>Banskobystrick\u00fd poh\u00e1r, jeden z\u00a0najv\u00e4\u010d\u0161\u00edch plaveck\u00fdch m\u00edtingov na Slovensku s\u013euboval v\u00a0posledn\u00fd marcov\u00fd v\u00edkend kvalitn\u00fa konkurenciu a\u00a0v\u00fdborn\u00e9 v\u00fdkony&#8230;.<\/p>\n\t\t\t<div class=\"overflow-hidden\">\n\t\t\t\t<div class=\"pull-left\">\n\t\t\t\t\t<span class=\"read-more\"><a href=\"https:\/\/bbcup.sk\/en\/uskutocni-sa-plavecky-banska-bystrica-cup-2020-nakoniec-v-tretom-termine\/\"><span data-hover=\"Read More\">Read More<\/span><\/a><\/span>\n\t\t\t\t<\/div>\n\t\t\t\t<div class=\"pull-right\">\n\t\t\t\t\t\t        <div class=\"tlg-likes-button inline-block tlg-likes-normal\">\n\t        \t<a href=\"#\" class=\"tlg-likes\" id=\"tlg-likes-4387\" title=\"\">\n\t        \t\t<i class=\"ti-heart\"><\/i><span class=\"like-share-name\">0<span> like<\/span><\/span>\t        \t<\/a>\n\t        <\/div>\n\t        \t\t\t\t<\/div>\n\t\t\t<\/div>\n\t\t<\/div>\n\t<\/div>\n<\/div><div class=\"post-wrap mb64\">\n\t<div class=\"inner-wrap border-none p0\">\n\t\t<div class=\"inner-left\">\n\t\t\t<div class=\"day\">12<\/div>\n\t\t\t<div class=\"month\">Mar<\/div>\n\t\t<\/div>\n\t\t<div class=\"inner-right\">\n\t\t    <div class=\"post-title\">\n    <h4><a class=\"link-dark-title entry-title\" href=\"https:\/\/bbcup.sk\/en\/plavecky-miting-banska-bystrica-cup-2020-bude-v-nahradnom-termine\/\">Plaveck\u00fd m\u00edting BANSK\u00c1 BYSTRICA CUP 2020 bude v n\u00e1hradnom term\u00edne.<\/a><\/h4><\/div>\n<div class=\"entry-meta mt8 mb16 p0\">\n\t<span class=\"inline-block hide updated\"><i class=\"ti-timer\"><\/i>12. March 2020<\/span>\n\t<span class=\"inline-block author\"><i class=\"ti-user\"><\/i><span>by<\/span><a href=\"https:\/\/bbcup.sk\/en\/author\/admin\/\" title=\"Posts by admin\" rel=\"author\">admin<\/a><\/span>\n\t\t\t<span class=\"inline-block\"><i class=\"ti-folder\"><\/i><span>in<\/span><a href=\"https:\/\/bbcup.sk\/en\/category\/novinky\/\" rel=\"category tag\">novinky<\/a><\/span>\n\t\t<\/div><p>Ob\u013e\u00faben\u00fd plaveck\u00fd m\u00edting sa v&nbsp;posledn\u00fd marcov\u00fd v\u00edkend v&nbsp;baz\u00e9ne na \u0160tiavni\u010dk\u00e1ch v&nbsp;Banskej Bystrici neuskuto\u010dn\u00ed. N\u00e1hradn\u00fd term\u00edn je&#8230;<\/p>\n\t\t\t<div class=\"overflow-hidden\">\n\t\t\t\t<div class=\"pull-left\">\n\t\t\t\t\t<span class=\"read-more\"><a href=\"https:\/\/bbcup.sk\/en\/plavecky-miting-banska-bystrica-cup-2020-bude-v-nahradnom-termine\/\"><span data-hover=\"Read More\">Read More<\/span><\/a><\/span>\n\t\t\t\t<\/div>\n\t\t\t\t<div class=\"pull-right\">\n\t\t\t\t\t\t        <div class=\"tlg-likes-button inline-block tlg-likes-normal\">\n\t        \t<a href=\"#\" class=\"tlg-likes\" id=\"tlg-likes-4389\" title=\"\">\n\t        \t\t<i class=\"ti-heart\"><\/i><span class=\"like-share-name\">0<span> like<\/span><\/span>\t        \t<\/a>\n\t        <\/div>\n\t        \t\t\t\t<\/div>\n\t\t\t<\/div>\n\t\t<\/div>\n\t<\/div>\n<\/div><div class=\"post-wrap mb64\">\n\t<div class=\"inner-wrap border-none p0\">\n\t\t<div class=\"inner-left\">\n\t\t\t<div class=\"day\">20<\/div>\n\t\t\t<div class=\"month\">Feb<\/div>\n\t\t<\/div>\n\t\t<div class=\"inner-right\">\n\t\t    <div class=\"post-title\">\n    <h4><a class=\"link-dark-title entry-title\" href=\"https:\/\/bbcup.sk\/en\/banska-bystrica-cup-2020-kvalifikaciou-do-tokia-i-testom-pre-eyof\/\">Bansk\u00e1 Bystrica Cup 2020 kvalifik\u00e1ciou do Tokia i testom pre EYOF<\/a><\/h4><\/div>\n<div class=\"entry-meta mt8 mb16 p0\">\n\t<span class=\"inline-block hide updated\"><i class=\"ti-timer\"><\/i>20. February 2020<\/span>\n\t<span class=\"inline-block author\"><i class=\"ti-user\"><\/i><span>by<\/span><a href=\"https:\/\/bbcup.sk\/en\/author\/admin\/\" title=\"Posts by admin\" rel=\"author\">admin<\/a><\/span>\n\t\t\t<span class=\"inline-block\"><i class=\"ti-folder\"><\/i><span>in<\/span><a href=\"https:\/\/bbcup.sk\/en\/category\/novinky\/\" rel=\"category tag\">novinky<\/a><\/span>\n\t\t<\/div><p>Po \u0161pi\u010dkov\u00fdch skokanoch do v\u00fd\u0161ky pr\u00eddu do Banskej Bystrice popredn\u00ed svetov\u00ed plavci, ktor\u00ed sa po\u010das v\u00edkendu&#8230;<\/p>\n\t\t\t<div class=\"overflow-hidden\">\n\t\t\t\t<div class=\"pull-left\">\n\t\t\t\t\t<span class=\"read-more\"><a href=\"https:\/\/bbcup.sk\/en\/banska-bystrica-cup-2020-kvalifikaciou-do-tokia-i-testom-pre-eyof\/\"><span data-hover=\"Read More\">Read More<\/span><\/a><\/span>\n\t\t\t\t<\/div>\n\t\t\t\t<div class=\"pull-right\">\n\t\t\t\t\t\t        <div class=\"tlg-likes-button inline-block tlg-likes-normal\">\n\t        \t<a href=\"#\" class=\"tlg-likes\" id=\"tlg-likes-4392\" title=\"\">\n\t        \t\t<i class=\"ti-heart\"><\/i><span class=\"like-share-name\">0<span> like<\/span><\/span>\t        \t<\/a>\n\t        <\/div>\n\t        \t\t\t\t<\/div>\n\t\t\t<\/div>\n\t\t<\/div>\n\t<\/div>\n<\/div><div class='text-center mt40'><ul class='pagination'><li class='active'><a href='https:\/\/bbcup.sk\/en\/wp-json\/wp\/v2\/pages\/2035'>1<\/a><\/li> <li><a href='https:\/\/bbcup.sk\/en\/wp-json\/wp\/v2\/pages\/2035\/page\/2\/'>2<\/a><\/li> <li><a href='https:\/\/bbcup.sk\/en\/wp-json\/wp\/v2\/pages\/2035\/page\/3\/'>3<\/a><\/li> <li><a href='https:\/\/bbcup.sk\/en\/wp-json\/wp\/v2\/pages\/2035\/page\/4\/'>4<\/a><\/li> <\/ul><\/div><\/div><\/div>[\/vc_column][vc_column width=&#8220;1\/3&#8243;][\/vc_column][\/vc_row]<\/p>","protected":false},"excerpt":{"rendered":"<p>[vc_row full_width=&#8220;stretch_row&#8220;][vc_column][\/vc_column][\/vc_row][vc_row full_width=&#8220;stretch_row&#8220; el_id=&#8220;main&#8220; css=&#8220;.vc_custom_1461588344910{padding-top: 7% !important;padding-right: 3% !important;padding-bottom: 7% !important;padding-left: 3% !important;}&#8220;][vc_column width=&#8220;2\/3&#8243;][\/vc_column][vc_column width=&#8220;1\/3&#8243;][\/vc_column][\/vc_row]<\/p>","protected":false},"author":1,"featured_media":0,"parent":2013,"menu_order":0,"comment_status":"closed","ping_status":"closed","template":"","meta":{"_monsterinsights_skip_tracking":false,"_monsterinsights_sitenote_active":false,"_monsterinsights_sitenote_note":"","_monsterinsights_sitenote_category":0},"_links":{"self":[{"href":"https:\/\/bbcup.sk\/en\/wp-json\/wp\/v2\/pages\/2035"}],"collection":[{"href":"https:\/\/bbcup.sk\/en\/wp-json\/wp\/v2\/pages"}],"about":[{"href":"https:\/\/bbcup.sk\/en\/wp-json\/wp\/v2\/types\/page"}],"author":[{"embeddable":true,"href":"https:\/\/bbcup.sk\/en\/wp-json\/wp\/v2\/users\/1"}],"replies":[{"embeddable":true,"href":"https:\/\/bbcup.sk\/en\/wp-json\/wp\/v2\/comments?post=2035"}],"version-history":[{"count":1,"href":"https:\/\/bbcup.sk\/en\/wp-json\/wp\/v2\/pages\/2035\/revisions"}],"predecessor-version":[{"id":3924,"href":"https:\/\/bbcup.sk\/en\/wp-json\/wp\/v2\/pages\/2035\/revisions\/3924"}],"up":[{"embeddable":true,"href":"https:\/\/bbcup.sk\/en\/wp-json\/wp\/v2\/pages\/2013"}],"wp:attachment":[{"href":"https:\/\/bbcup.sk\/en\/wp-json\/wp\/v2\/media?parent=2035"}],"curies":[{"name":"wp","href":"https:\/\/api.w.org\/{rel}","templated":true}]}}